{"id":1824,"date":"2020-06-12T10:50:43","date_gmt":"2020-06-12T10:50:43","guid":{"rendered":"http:\/\/www.respostasaude.com\/?page_id=1824"},"modified":"2020-06-12T14:09:35","modified_gmt":"2020-06-12T14:09:35","slug":"terapia-da-fala","status":"publish","type":"page","link":"https:\/\/www.respostasaude.com\/?page_id=1824","title":{"rendered":"Terapia da fala"},"content":{"rendered":"\n<p><strong>\u00c1reas de Interven\u00e7\u00e3o do Terapeuta da Fala<\/strong><\/p>\n\n\n\n<p><strong>A quem se destina?<\/strong> <br> A interven\u00e7\u00e3o do Terapeuta da Fala destina-se a todas as faixas et\u00e1rias, com ou sem perturba\u00e7\u00e3o, atuando ao n\u00edvel da preven\u00e7\u00e3o ou reabilita\u00e7\u00e3o. <\/p>\n\n\n\n<p><strong>Linguagem<\/strong><br> A linguagem \u00e9 considerada a principal forma de comunica\u00e7\u00e3o do ser humano. Dela fazem parte a componente expressiva e a componente compreensiva, tanto a n\u00edvel oral como escrito. As altera\u00e7\u00f5es de linguagem podem ocorrer durante o desenvolvimento da crian\u00e7a, tendo um impacto nas aprendizagens de leitura e escrita, ou ap\u00f3s acidentes neurol\u00f3gicos, como, por exemplo, os Acidentes Vasculares Cerebrais (AVC). O Terapeuta da Fala atua tanto ao n\u00edvel das altera\u00e7\u00f5es da linguagem oral como nas dificuldades de leitura e escrita. <\/p>\n\n\n\n<p><strong>Comunica\u00e7\u00e3o<\/strong> <br> As doen\u00e7as degenerativas e algumas s\u00edndromes podem condicionar a comunica\u00e7\u00e3o do indiv\u00edduo, impossibilitando o uso da linguagem verbal oral e escrita para comunicar. O Terapeuta da Fala interv\u00e9m implementando um sistema de comunica\u00e7\u00e3o aumentativo ou alternativo. <\/p>\n\n\n\n<p><strong>Articula\u00e7\u00e3o<\/strong> <br> A articula\u00e7\u00e3o verbal \u00e9 a produ\u00e7\u00e3o dos sons da fala, atrav\u00e9s de um conjunto de movimentos coordenados dos \u00f3rg\u00e3os fonoarticulat\u00f3rios (l\u00edngua, l\u00e1bios, mand\u00edbula). Qualquer tipo de altera\u00e7\u00e3o que ocorra, vai interferir com a clareza das palavras e, logo, com a inteligibilidade do discurso. Quest\u00f5es neurol\u00f3gicas ou imaturidade dos m\u00fasculos da face podem estar na origem de altera\u00e7\u00f5es da articula\u00e7\u00e3o.<br><\/p>\n\n\n\n<p><strong>Flu\u00eancia<\/strong><br> A flu\u00eancia verbal \u00e9 caracterizada pela capacidade de encadear os sons da fala de forma cont\u00ednua, o que possibilita um discurso fluente, com pausas e ritmo adequados. Um discurso pautado por bloqueios, repeti\u00e7\u00f5es ou prolongamentos de s\u00edlabas e\/ou sons \u00e9 considerado um discurso n\u00e3o fluente, caracter\u00edstico da gaguez. <\/p>\n\n\n\n<p><strong>Voz<\/strong><br> A presen\u00e7a de n\u00f3dulos ou p\u00f3lipos nas cordas vocais, bem como o mau uso vocal, podem estar na origem de altera\u00e7\u00f5es na qualidade da voz. O Terapeuta da Fala atua ao n\u00edvel da preven\u00e7\u00e3o, reabilita\u00e7\u00e3o e cessa\u00e7\u00e3o de maus h\u00e1bitos vocais. Para al\u00e9m de atuar na patologia, o Terapeuta da Fala tem um papel importante na sa\u00fade vocal em determinadas profiss\u00f5es (por ex.: professores, atores, cantores, apresentadores, operadores de call center).<\/p>\n\n\n\n<p><strong>Degluti\u00e7\u00e3o<\/strong> <br> A degluti\u00e7\u00e3o \u00e9 a capacidade de ingest\u00e3o de alimentos de forma segura e eficaz. Por quest\u00f5es neurol\u00f3gicas ou mec\u00e2nicas, podem ocorrer altera\u00e7\u00f5es nas diferentes fases da degluti\u00e7\u00e3o, o que compromete a nutri\u00e7\u00e3o e hidrata\u00e7\u00e3o segura. O Terapeuta da Fala atua na reabilita\u00e7\u00e3o da degluti\u00e7\u00e3o. <\/p>\n\n\n\n<p><strong>Motricidade Orofacial<\/strong><br> A motricidade relaciona-se com o desenvolvimento, reabilita\u00e7\u00e3o e aperfei\u00e7oamento dos \u00f3rg\u00e3os fonoarticulat\u00f3rios e das suas fun\u00e7\u00f5es estomatogn\u00e1ticas (suc\u00e7\u00e3o, mastiga\u00e7\u00e3o, respira\u00e7\u00e3o e fala). <\/p>\n","protected":false},"excerpt":{"rendered":"<p>\u00c1reas de Interven\u00e7\u00e3o do Terapeuta da Fala A quem se destina? A interven\u00e7\u00e3o do Terapeuta da Fala destina-se a todas as faixas et\u00e1rias, com ou sem perturba\u00e7\u00e3o, atuando ao n\u00edvel da preven\u00e7\u00e3o ou reabilita\u00e7\u00e3o. Linguagem A linguagem \u00e9 considerada a principal forma de comunica\u00e7\u00e3o do ser humano. Dela fazem parte a componente expressiva e a<\/p>\n<div class=\"view-full-post\"><a href=\"https:\/\/www.respostasaude.com\/?page_id=1824\" class=\"view-full-post-btn\">View Full Post<\/a><\/div>\n","protected":false},"author":1,"featured_media":0,"parent":0,"menu_order":0,"comment_status":"closed","ping_status":"closed","template":"","meta":{"footnotes":""},"class_list":["post-1824","page","type-page","status-publish","hentry"],"_links":{"self":[{"href":"https:\/\/www.respostasaude.com\/index.php?rest_route=\/wp\/v2\/pages\/1824","targetHints":{"allow":["GET"]}}],"collection":[{"href":"https:\/\/www.respostasaude.com\/index.php?rest_route=\/wp\/v2\/pages"}],"about":[{"href":"https:\/\/www.respostasaude.com\/index.php?rest_route=\/wp\/v2\/types\/page"}],"author":[{"embeddable":true,"href":"https:\/\/www.respostasaude.com\/index.php?rest_route=\/wp\/v2\/users\/1"}],"replies":[{"embeddable":true,"href":"https:\/\/www.respostasaude.com\/index.php?rest_route=%2Fwp%2Fv2%2Fcomments&post=1824"}],"version-history":[{"count":3,"href":"https:\/\/www.respostasaude.com\/index.php?rest_route=\/wp\/v2\/pages\/1824\/revisions"}],"predecessor-version":[{"id":1828,"href":"https:\/\/www.respostasaude.com\/index.php?rest_route=\/wp\/v2\/pages\/1824\/revisions\/1828"}],"wp:attachment":[{"href":"https:\/\/www.respostasaude.com\/index.php?rest_route=%2Fwp%2Fv2%2Fmedia&parent=1824"}],"curies":[{"name":"wp","href":"https:\/\/api.w.org\/{rel}","templated":true}]}}